{"id":21,"date":"2024-05-22T21:51:36","date_gmt":"2024-05-22T19:51:36","guid":{"rendered":"http:\/\/sandridosstar.pl\/?page_id=21"},"modified":"2025-02-19T09:20:34","modified_gmt":"2025-02-19T08:20:34","slug":"szczenieta","status":"publish","type":"page","link":"http:\/\/sandridosstar.pl\/?page_id=21","title":{"rendered":"SZCZENI\u0118TA"},"content":{"rendered":"\n<hr class=\"wp-block-separator has-alpha-channel-opacity is-style-wide\"\/>\n\n\n\n<p class=\"has-text-align-center\">Tegoroczne Walentynki by\u0142y dla nas magiczne. Z przyjemno\u015bci\u0105 informujemy o narodzeniu pierwszych szczeni\u0105t w naszej hodowli. Nad ranem w dniu \u015awi\u0119tego Walentego przyszed\u0142 na \u015bwiat miot \u201eV\u201d Por\u00f3d przebieg\u0142 sprawnie, maluchy maj\u0105 prawid\u0142ow\u0105 wag\u0119 czuj\u0105 si\u0119 bardzo dobrze.<\/p>\n\n\n<!-- Final Tiles Grid Gallery for WordPress v3.6.1 free --><style>#ftg-1010 .tile .icon { color:#ffffff; }#ftg-1010 .ftg-items .loading-bar i { background:#666; }#ftg-1010 .ftg-items .loading-bar { background:#fff; }#ftg-1010 .tile .icon { font-size:12px; }#ftg-1010 .tile .icon { margin: -6px 0 0 -6px; }#ftg-1010 .tile .caption-block .text-wrapper span.text { font-size:12px; }#ftg-1010 .tile .caption-outside .text-wrapper span.text { font-size:12px; }#ftg-1010 .tile .caption-block .text-wrapper span.title { font-size:14px; }#ftg-1010 .tile .caption-outside .text-wrapper span.title { font-size:14px; }#ftg-1010 .tile { background-color: transparent; }#ftg-1010 .tile .caption-block .text-wrapper span.text { color: #ffffff; }#ftg-1010 .tile .caption-block .text-wrapper span.title { color: #ffffff; }#ftg-1010 .tile .caption-outside .text-wrapper span.text { color: #ffffff; }#ftg-1010 .tile .caption-outside .text-wrapper span.title { color: #ffffff; }#ftg-1010 .tile .ftg-social a { color: #ffffff; }#ftg-1010 .tile .caption-block { transition-timing-function:linear; }#ftg-1010 .tile .caption-block { transition-duration:0.25s; }#ftg-1010 .tile .tile-inner:before { background-color: #000000; }#ftg-1010 .tile .tile-inner:before { background-color: rgba(0, 0, 0, 0.8); }<\/style><a name=\"10\"><\/a><div class=\"final-tiles-gallery  ftg-hover-enabled caption-inside  caption-none caption-middle caption-center\" id=\"ftg-1010\" style=\"width: 100%\"><div class='ftg-items'><div class='loading-bar'><i><\/i><\/div><div  class='tile ftg-preload  '><a title=\"MIOT &quot;V&quot;\" data-lightbox='ftg-1010' rel='ftg-1010'  class=' tile-inner  ftg-lightbox' href='http:\/\/sandridosstar.pl\/wp-content\/uploads\/2025\/02\/480255807_631086163204886_7465321111214784548_n-1024x768.jpg' ><img alt='MIOT &quot;V&quot;' class='item skip-lazy' data-class='item' data-ftg-source='http:\/\/sandridosstar.pl\/wp-content\/uploads\/2025\/02\/480255807_631086163204886_7465321111214784548_n-150x150.jpg' src='http:\/\/sandridosstar.pl\/wp-content\/uploads\/2025\/02\/480255807_631086163204886_7465321111214784548_n-150x150.jpg' width='150' height='150' \/><span class='icon fa fa-zoom'><\/span><div class='caption-block'><div class='text-wrapper'><span class='title'>MIOT \"V\"<\/span><\/div><\/div><\/a><div class='ftg-social'><\/div><\/div><div  class='tile ftg-preload  '><a title=\"MIOT &quot;V&quot;\" data-lightbox='ftg-1010' rel='ftg-1010'  class=' tile-inner  ftg-lightbox' href='http:\/\/sandridosstar.pl\/wp-content\/uploads\/2025\/02\/480313477_632106889769480_4966610158095595859_n-1024x768.jpg' ><img alt='MIOT &quot;V&quot;' class='item skip-lazy' data-class='item' data-ftg-source='http:\/\/sandridosstar.pl\/wp-content\/uploads\/2025\/02\/480313477_632106889769480_4966610158095595859_n-150x150.jpg' src='http:\/\/sandridosstar.pl\/wp-content\/uploads\/2025\/02\/480313477_632106889769480_4966610158095595859_n-150x150.jpg' width='150' height='150' \/><span class='icon fa fa-zoom'><\/span><div class='caption-block'><div class='text-wrapper'><span class='title'>MIOT \"V\"<\/span><\/div><\/div><\/a><div class='ftg-social'><\/div><\/div><div  class='tile ftg-preload  '><a title=\"MIOT &quot;V&quot;\" data-lightbox='ftg-1010' rel='ftg-1010'  class=' tile-inner  ftg-lightbox' href='http:\/\/sandridosstar.pl\/wp-content\/uploads\/2025\/02\/480099785_632107156436120_2512429719663171478_n-1024x768.jpg' ><img alt='MIOT &quot;V&quot;' class='item skip-lazy' data-class='item' data-ftg-source='http:\/\/sandridosstar.pl\/wp-content\/uploads\/2025\/02\/480099785_632107156436120_2512429719663171478_n-150x150.jpg' src='http:\/\/sandridosstar.pl\/wp-content\/uploads\/2025\/02\/480099785_632107156436120_2512429719663171478_n-150x150.jpg' width='150' height='150' \/><span class='icon fa fa-zoom'><\/span><div class='caption-block'><div class='text-wrapper'><span class='title'>MIOT \"V\"<\/span><\/div><\/div><\/a><div class='ftg-social'><\/div><\/div><div  class='tile ftg-preload  '><a title=\"MIOT &quot;V&quot;\" data-lightbox='ftg-1010' rel='ftg-1010'  class=' tile-inner  ftg-lightbox' href='http:\/\/sandridosstar.pl\/wp-content\/uploads\/2025\/02\/480124759_632106986436137_2500150346161631595_n-768x1024.jpg' ><img alt='MIOT &quot;V&quot;' class='item skip-lazy' data-class='item' data-ftg-source='http:\/\/sandridosstar.pl\/wp-content\/uploads\/2025\/02\/480124759_632106986436137_2500150346161631595_n-768x1024.jpg' src='http:\/\/sandridosstar.pl\/wp-content\/uploads\/2025\/02\/480124759_632106986436137_2500150346161631595_n-768x1024.jpg' width='768' height='1024' \/><span class='icon fa fa-zoom'><\/span><div class='caption-block'><div class='text-wrapper'><span class='title'>MIOT \"V\"<\/span><\/div><\/div><\/a><div class='ftg-social'><\/div><\/div><div  class='tile ftg-preload  '><a title=\"MIOT &quot;V&quot;\" data-lightbox='ftg-1010' rel='ftg-1010'  class=' tile-inner  ftg-lightbox' href='http:\/\/sandridosstar.pl\/wp-content\/uploads\/2025\/02\/480309414_632107069769462_3080189018859594678_n-1024x768.jpg' ><img alt='MIOT &quot;V&quot;' class='item skip-lazy' data-class='item' data-ftg-source='http:\/\/sandridosstar.pl\/wp-content\/uploads\/2025\/02\/480309414_632107069769462_3080189018859594678_n-150x150.jpg' src='http:\/\/sandridosstar.pl\/wp-content\/uploads\/2025\/02\/480309414_632107069769462_3080189018859594678_n-150x150.jpg' width='150' height='150' \/><span class='icon fa fa-zoom'><\/span><div class='caption-block'><div class='text-wrapper'><span class='title'>MIOT \"V\"<\/span><\/div><\/div><\/a><div class='ftg-social'><\/div><\/div><div  class='tile ftg-preload  '><a title=\"MIOT &quot;V&quot;\" data-lightbox='ftg-1010' rel='ftg-1010'  class=' tile-inner  ftg-lightbox' href='http:\/\/sandridosstar.pl\/wp-content\/uploads\/2025\/02\/480572139_632107013102801_6333847469423926515_n-1024x768.jpg' ><img alt='MIOT &quot;V&quot;' class='item skip-lazy' data-class='item' data-ftg-source='http:\/\/sandridosstar.pl\/wp-content\/uploads\/2025\/02\/480572139_632107013102801_6333847469423926515_n-150x150.jpg' src='http:\/\/sandridosstar.pl\/wp-content\/uploads\/2025\/02\/480572139_632107013102801_6333847469423926515_n-150x150.jpg' width='150' height='150' \/><span class='icon fa fa-zoom'><\/span><div class='caption-block'><div class='text-wrapper'><span class='title'>MIOT \"V\"<\/span><\/div><\/div><\/a><div class='ftg-social'><\/div><\/div><div  class='tile ftg-preload  '><a title=\"MIOT &quot;V&quot;\" data-lightbox='ftg-1010' rel='ftg-1010'  class=' tile-inner  ftg-lightbox' href='http:\/\/sandridosstar.pl\/wp-content\/uploads\/2025\/02\/480346974_632106953102807_6488159377805615097_n-768x1024.jpg' ><img alt='MIOT &quot;V&quot;' class='item skip-lazy' data-class='item' data-ftg-source='http:\/\/sandridosstar.pl\/wp-content\/uploads\/2025\/02\/480346974_632106953102807_6488159377805615097_n-768x1024.jpg' src='http:\/\/sandridosstar.pl\/wp-content\/uploads\/2025\/02\/480346974_632106953102807_6488159377805615097_n-768x1024.jpg' width='768' height='1024' \/><span class='icon fa fa-zoom'><\/span><div class='caption-block'><div class='text-wrapper'><span class='title'>MIOT \"V\"<\/span><\/div><\/div><\/a><div class='ftg-social'><\/div><\/div><div  class='tile ftg-preload  '><a title=\"MIOT &quot;V&quot;\" data-lightbox='ftg-1010' rel='ftg-1010'  class=' tile-inner  ftg-lightbox' href='http:\/\/sandridosstar.pl\/wp-content\/uploads\/2025\/02\/480206390_632106919769477_469353372490141712_n-1-1024x768.jpg' ><img alt='MIOT &quot;V&quot;' class='item skip-lazy' data-class='item' data-ftg-source='http:\/\/sandridosstar.pl\/wp-content\/uploads\/2025\/02\/480206390_632106919769477_469353372490141712_n-1-150x150.jpg' src='http:\/\/sandridosstar.pl\/wp-content\/uploads\/2025\/02\/480206390_632106919769477_469353372490141712_n-1-150x150.jpg' width='150' height='150' \/><span class='icon fa fa-zoom'><\/span><div class='caption-block'><div class='text-wrapper'><span class='title'>MIOT \"V\"<\/span><\/div><\/div><\/a><div class='ftg-social'><\/div><\/div><div  class='tile ftg-preload  '><a title=\"MIOT &quot;V&quot;\" data-lightbox='ftg-1010' rel='ftg-1010'  class=' tile-inner  ftg-lightbox' href='http:\/\/sandridosstar.pl\/wp-content\/uploads\/2025\/02\/480206390_632106919769477_469353372490141712_n-1024x768.jpg' ><img alt='MIOT &quot;V&quot;' class='item skip-lazy' data-class='item' data-ftg-source='http:\/\/sandridosstar.pl\/wp-content\/uploads\/2025\/02\/480206390_632106919769477_469353372490141712_n-150x150.jpg' src='http:\/\/sandridosstar.pl\/wp-content\/uploads\/2025\/02\/480206390_632106919769477_469353372490141712_n-150x150.jpg' width='150' height='150' \/><span class='icon fa fa-zoom'><\/span><div class='caption-block'><div class='text-wrapper'><span class='title'>MIOT \"V\"<\/span><\/div><\/div><\/a><div class='ftg-social'><\/div><\/div><\/div><\/div>\n\n\n\n<hr class=\"wp-block-separator has-alpha-channel-opacity is-style-wide\"\/>\n","protected":false},"excerpt":{"rendered":"<p>Tegoroczne Walentynki by\u0142y dla nas magiczne. Z przyjemno\u015bci\u0105 informujemy o narodzeniu pierwszych szczeni\u0105t w naszej hodowli. Nad ranem w dniu \u015awi\u0119tego Walentego przyszed\u0142 na \u015bwiat miot \u201eV\u201d Por\u00f3d przebieg\u0142 sprawnie, maluchy maj\u0105 prawid\u0142ow\u0105 wag\u0119 czuj\u0105 si\u0119 bardzo dobrze.<\/p>\n","protected":false},"author":1,"featured_media":0,"parent":0,"menu_order":0,"comment_status":"closed","ping_status":"closed","template":"","meta":{"footnotes":""},"class_list":["post-21","page","type-page","status-publish","hentry"],"yoast_head":"<!-- This site is optimized with the Yoast SEO plugin v22.7 - https:\/\/yoast.com\/wordpress\/plugins\/seo\/ -->\n<title>SZCZENI\u0118TA -<\/title>\n<meta name=\"robots\" content=\"index, follow, max-snippet:-1, max-image-preview:large, max-video-preview:-1\" \/>\n<link rel=\"canonical\" href=\"http:\/\/sandridosstar.pl\/?page_id=21\" \/>\n<meta property=\"og:locale\" content=\"en_US\" \/>\n<meta property=\"og:type\" content=\"article\" \/>\n<meta property=\"og:title\" content=\"SZCZENI\u0118TA -\" \/>\n<meta property=\"og:description\" content=\"Tegoroczne Walentynki by\u0142y dla nas magiczne. Z przyjemno\u015bci\u0105 informujemy o narodzeniu pierwszych szczeni\u0105t w naszej hodowli. Nad ranem w dniu \u015awi\u0119tego Walentego przyszed\u0142 na \u015bwiat miot \u201eV\u201d Por\u00f3d przebieg\u0142 sprawnie, maluchy maj\u0105 prawid\u0142ow\u0105 wag\u0119 czuj\u0105 si\u0119 bardzo dobrze.\" \/>\n<meta property=\"og:url\" content=\"http:\/\/sandridosstar.pl\/?page_id=21\" \/>\n<meta property=\"article:modified_time\" content=\"2025-02-19T08:20:34+00:00\" \/>\n<meta name=\"twitter:card\" content=\"summary_large_image\" \/>\n<meta name=\"twitter:label1\" content=\"Est. reading time\" \/>\n\t<meta name=\"twitter:data1\" content=\"1 minute\" \/>\n<script type=\"application\/ld+json\" class=\"yoast-schema-graph\">{\"@context\":\"https:\/\/schema.org\",\"@graph\":[{\"@type\":\"WebPage\",\"@id\":\"http:\/\/sandridosstar.pl\/?page_id=21\",\"url\":\"http:\/\/sandridosstar.pl\/?page_id=21\",\"name\":\"SZCZENI\u0118TA -\",\"isPartOf\":{\"@id\":\"http:\/\/sandridosstar.pl\/#website\"},\"datePublished\":\"2024-05-22T19:51:36+00:00\",\"dateModified\":\"2025-02-19T08:20:34+00:00\",\"breadcrumb\":{\"@id\":\"http:\/\/sandridosstar.pl\/?page_id=21#breadcrumb\"},\"inLanguage\":\"en-US\",\"potentialAction\":[{\"@type\":\"ReadAction\",\"target\":[\"http:\/\/sandridosstar.pl\/?page_id=21\"]}]},{\"@type\":\"BreadcrumbList\",\"@id\":\"http:\/\/sandridosstar.pl\/?page_id=21#breadcrumb\",\"itemListElement\":[{\"@type\":\"ListItem\",\"position\":1,\"name\":\"Home\",\"item\":\"http:\/\/sandridosstar.pl\/\"},{\"@type\":\"ListItem\",\"position\":2,\"name\":\"SZCZENI\u0118TA\"}]},{\"@type\":\"WebSite\",\"@id\":\"http:\/\/sandridosstar.pl\/#website\",\"url\":\"http:\/\/sandridosstar.pl\/\",\"name\":\"\",\"description\":\"\",\"potentialAction\":[{\"@type\":\"SearchAction\",\"target\":{\"@type\":\"EntryPoint\",\"urlTemplate\":\"http:\/\/sandridosstar.pl\/?s={search_term_string}\"},\"query-input\":\"required name=search_term_string\"}],\"inLanguage\":\"en-US\"}]}<\/script>\n<!-- \/ Yoast SEO plugin. -->","yoast_head_json":{"title":"SZCZENI\u0118TA -","robots":{"index":"index","follow":"follow","max-snippet":"max-snippet:-1","max-image-preview":"max-image-preview:large","max-video-preview":"max-video-preview:-1"},"canonical":"http:\/\/sandridosstar.pl\/?page_id=21","og_locale":"en_US","og_type":"article","og_title":"SZCZENI\u0118TA -","og_description":"Tegoroczne Walentynki by\u0142y dla nas magiczne. Z przyjemno\u015bci\u0105 informujemy o narodzeniu pierwszych szczeni\u0105t w naszej hodowli. Nad ranem w dniu \u015awi\u0119tego Walentego przyszed\u0142 na \u015bwiat miot \u201eV\u201d Por\u00f3d przebieg\u0142 sprawnie, maluchy maj\u0105 prawid\u0142ow\u0105 wag\u0119 czuj\u0105 si\u0119 bardzo dobrze.","og_url":"http:\/\/sandridosstar.pl\/?page_id=21","article_modified_time":"2025-02-19T08:20:34+00:00","twitter_card":"summary_large_image","twitter_misc":{"Est. reading time":"1 minute"},"schema":{"@context":"https:\/\/schema.org","@graph":[{"@type":"WebPage","@id":"http:\/\/sandridosstar.pl\/?page_id=21","url":"http:\/\/sandridosstar.pl\/?page_id=21","name":"SZCZENI\u0118TA -","isPartOf":{"@id":"http:\/\/sandridosstar.pl\/#website"},"datePublished":"2024-05-22T19:51:36+00:00","dateModified":"2025-02-19T08:20:34+00:00","breadcrumb":{"@id":"http:\/\/sandridosstar.pl\/?page_id=21#breadcrumb"},"inLanguage":"en-US","potentialAction":[{"@type":"ReadAction","target":["http:\/\/sandridosstar.pl\/?page_id=21"]}]},{"@type":"BreadcrumbList","@id":"http:\/\/sandridosstar.pl\/?page_id=21#breadcrumb","itemListElement":[{"@type":"ListItem","position":1,"name":"Home","item":"http:\/\/sandridosstar.pl\/"},{"@type":"ListItem","position":2,"name":"SZCZENI\u0118TA"}]},{"@type":"WebSite","@id":"http:\/\/sandridosstar.pl\/#website","url":"http:\/\/sandridosstar.pl\/","name":"","description":"","potentialAction":[{"@type":"SearchAction","target":{"@type":"EntryPoint","urlTemplate":"http:\/\/sandridosstar.pl\/?s={search_term_string}"},"query-input":"required name=search_term_string"}],"inLanguage":"en-US"}]}},"_links":{"self":[{"href":"http:\/\/sandridosstar.pl\/index.php?rest_route=\/wp\/v2\/pages\/21","targetHints":{"allow":["GET"]}}],"collection":[{"href":"http:\/\/sandridosstar.pl\/index.php?rest_route=\/wp\/v2\/pages"}],"about":[{"href":"http:\/\/sandridosstar.pl\/index.php?rest_route=\/wp\/v2\/types\/page"}],"author":[{"embeddable":true,"href":"http:\/\/sandridosstar.pl\/index.php?rest_route=\/wp\/v2\/users\/1"}],"replies":[{"embeddable":true,"href":"http:\/\/sandridosstar.pl\/index.php?rest_route=%2Fwp%2Fv2%2Fcomments&post=21"}],"version-history":[{"count":3,"href":"http:\/\/sandridosstar.pl\/index.php?rest_route=\/wp\/v2\/pages\/21\/revisions"}],"predecessor-version":[{"id":775,"href":"http:\/\/sandridosstar.pl\/index.php?rest_route=\/wp\/v2\/pages\/21\/revisions\/775"}],"wp:attachment":[{"href":"http:\/\/sandridosstar.pl\/index.php?rest_route=%2Fwp%2Fv2%2Fmedia&parent=21"}],"curies":[{"name":"wp","href":"https:\/\/api.w.org\/{rel}","templated":true}]}}