{"id":40,"date":"2024-05-26T14:32:04","date_gmt":"2024-05-26T12:32:04","guid":{"rendered":"http:\/\/sandridosstar.pl\/?page_id=40"},"modified":"2025-01-07T18:44:26","modified_gmt":"2025-01-07T17:44:26","slug":"sandridos-star-fci","status":"publish","type":"page","link":"http:\/\/sandridosstar.pl\/","title":{"rendered":"SANDRIDO&#8217;S STAR FCI"},"content":{"rendered":"\n<p class=\"has-text-align-center has-text-color has-link-color wp-elements-b03c845958332a2f2a192d257595b47c\" style=\"color:#000000;font-size:20px\"><\/p>\n\n\n\n<hr class=\"wp-block-separator has-alpha-channel-opacity is-style-wide\"\/>\n\n\n<div class=\"wp-block-image\">\n<figure class=\"aligncenter size-full is-resized\"><img fetchpriority=\"high\" decoding=\"async\" width=\"360\" height=\"170\" src=\"http:\/\/sandridosstar.pl\/wp-content\/uploads\/2024\/06\/logo-zkwp-fci.png\" alt=\"\" class=\"wp-image-110\" style=\"width:200px;height:auto\" srcset=\"http:\/\/sandridosstar.pl\/wp-content\/uploads\/2024\/06\/logo-zkwp-fci.png 360w, http:\/\/sandridosstar.pl\/wp-content\/uploads\/2024\/06\/logo-zkwp-fci-300x142.png 300w\" sizes=\"(max-width: 360px) 100vw, 360px\" \/><\/figure>\n<\/div>\n\n\n<hr class=\"wp-block-separator has-alpha-channel-opacity is-style-default\"\/>\n\n\n\n<div class=\"wp-block-columns is-layout-flex wp-container-core-columns-is-layout-9d6595d7 wp-block-columns-is-layout-flex\">\n<div class=\"wp-block-column is-layout-flow wp-block-column-is-layout-flow\"><div class=\"wp-block-image\">\n<figure class=\"aligncenter size-large\"><img decoding=\"async\" width=\"1024\" height=\"371\" src=\"http:\/\/sandridosstar.pl\/wp-content\/uploads\/2024\/12\/BeFunky-collage-1024x371.jpg\" alt=\"\" class=\"wp-image-505\" srcset=\"http:\/\/sandridosstar.pl\/wp-content\/uploads\/2024\/12\/BeFunky-collage-1024x371.jpg 1024w, http:\/\/sandridosstar.pl\/wp-content\/uploads\/2024\/12\/BeFunky-collage-300x109.jpg 300w, http:\/\/sandridosstar.pl\/wp-content\/uploads\/2024\/12\/BeFunky-collage-768x278.jpg 768w, http:\/\/sandridosstar.pl\/wp-content\/uploads\/2024\/12\/BeFunky-collage-1536x557.jpg 1536w, http:\/\/sandridosstar.pl\/wp-content\/uploads\/2024\/12\/BeFunky-collage-2048x742.jpg 2048w\" sizes=\"(max-width: 1024px) 100vw, 1024px\" \/><\/figure>\n<\/div><\/div>\n<\/div>\n\n\n\n<p class=\"has-text-align-center\">Od najm\u0142odszych lat interesuj\u0105 mnie zwierz\u0119ta. Jestem Absolwentk\u0105 Medycyny Weterynaryjnej, a od 2023 roku zajmuj\u0119 si\u0119 groomingiem ps\u00f3w i prowadz\u0119 sw\u00f3j salon &#8220;Glam&amp;Shine Groomer&#8221;. We wrze\u015bniu 2014 roku pojawi\u0142 si\u0119 w domu pierwszy wy\u017ce\u0142 w\u0119gierski Red i by\u0142a to mi\u0142o\u015b\u0107 od pierwszego wejrzenia. W 2020 roku wci\u0105gn\u0105\u0142 mnie r\u00f3wnie\u017c \u015bwiat wystaw i wraz z Guido Magyar Tim zacz\u0119li\u015bmy osi\u0105ga\u0107 sukcesy zar\u00f3wno na arenie krajowej jak i mi\u0119dzynarodowej. Podr\u00f3\u017ce po Europie z Guido sta\u0142y si\u0119 nasz\u0105 pasj\u0105. W 2022 roku do naszego domu do\u0142\u0105czy\u0142a r\u00f3wnie\u017c suczka Holly. Suczka o wspania\u0142ym charakterze i ogromnej pasji. Moje psy zar\u00f3wno osi\u0105gaj\u0105 sukcesy na wystawach, jak i s\u0105 \u015bwietnymi kompanami i przyjaci\u00f3\u0142mi w \u017cyciu codziennym. Bardzo dobrze pracuj\u0105 w polu, wykazuj\u0105c ogromn\u0105 pasj\u0119 oraz czynnie bior\u0105 udzia\u0142 w konkursach my\u015bliwskich. S\u0105 psami energicznymi, inteligentnymi i przede wszystkim rodzinnymi. Wy\u017c\u0142y w\u0119gierskie to psy lojalne, szybko si\u0119 ucz\u0105, s\u0105 bardzo inteligentne i wra\u017cliwe, b\u0119d\u0105 \u015bwietnym kompanem zar\u00f3wno w sporcie, \u0142owiectwie, jak i najlepszym przyjacielem w codziennym \u017cyciu.<\/p>\n\n\n\n<hr class=\"wp-block-separator has-alpha-channel-opacity is-style-wide\"\/>\n\n\n<!-- Final Tiles Grid Gallery for WordPress v3.6.1 free --><style>#ftg-44 .tile .icon { color:#ffffff; }#ftg-44 .ftg-items .loading-bar i { background:#666; }#ftg-44 .ftg-items .loading-bar { background:#fff; }#ftg-44 .tile .icon { font-size:12px; }#ftg-44 .tile .icon { margin: -6px 0 0 -6px; }#ftg-44 .tile .caption-block .text-wrapper span.text { font-size:12px; }#ftg-44 .tile .caption-outside .text-wrapper span.text { font-size:12px; }#ftg-44 .tile .caption-block .text-wrapper span.title { font-size:14px; }#ftg-44 .tile .caption-outside .text-wrapper span.title { font-size:14px; }#ftg-44 .tile { background-color: transparent; }#ftg-44 .tile .caption-block .text-wrapper span.text { color: #ffffff; }#ftg-44 .tile .caption-block .text-wrapper span.title { color: #ffffff; }#ftg-44 .tile .caption-outside .text-wrapper span.text { color: #ffffff; }#ftg-44 .tile .caption-outside .text-wrapper span.title { color: #ffffff; }#ftg-44 .tile .ftg-social a { color: #ffffff; }#ftg-44 .tile .caption-block { transition-duration:0.25s; }#ftg-44 .tile .tile-inner:before { background-color: #000000; }#ftg-44 .tile .tile-inner:before { background-color: rgba(0, 0, 0, 0.8); }#ftg-44 .tile:hover img {-moz-transform: -moz-rotate(0deg) -moz-scale(0) ;-webkit-transform: -webkit-rotate(0deg) -webkit-scale(0) ;-o-transform: -o-rotate(0deg) -o-scale(0) ;-ms-transform: -ms-rotate(0deg) -ms-scale(0) ;transform: rotate(0deg) scale(0) ;}<\/style><a name=\"4\"><\/a><div class=\"final-tiles-gallery  ftg-hover-enabled caption-inside  caption-none caption-middle caption-center\" id=\"ftg-44\" style=\"width: 100%\"><div class='ftg-items'><div class='loading-bar'><i><\/i><\/div><div  class='tile ftg-preload  '><a title=\"\" data-lightbox='ftg-44' rel='ftg-44'  class=' tile-inner  ftg-lightbox' href='http:\/\/sandridosstar.pl\/wp-content\/uploads\/2024\/12\/469198178_575521665428003_7131226703439937052_n-1-724x1024.jpg' ><img alt='' class='item skip-lazy' data-class='item' data-ftg-source='http:\/\/sandridosstar.pl\/wp-content\/uploads\/2024\/12\/469198178_575521665428003_7131226703439937052_n-1-724x1024.jpg' src='http:\/\/sandridosstar.pl\/wp-content\/uploads\/2024\/12\/469198178_575521665428003_7131226703439937052_n-1-724x1024.jpg' width='724' height='1024' \/><\/a><div class='ftg-social'><\/div><\/div><div  class='tile ftg-preload  '><a title=\"\" data-lightbox='ftg-44' rel='ftg-44'  class=' tile-inner  ftg-lightbox' href='http:\/\/sandridosstar.pl\/wp-content\/uploads\/2024\/12\/469181291_575521705427999_3120096245169444352_n-1-710x1024.jpg' ><img alt='' class='item skip-lazy' data-class='item' data-ftg-source='http:\/\/sandridosstar.pl\/wp-content\/uploads\/2024\/12\/469181291_575521705427999_3120096245169444352_n-1-710x1024.jpg' src='http:\/\/sandridosstar.pl\/wp-content\/uploads\/2024\/12\/469181291_575521705427999_3120096245169444352_n-1-710x1024.jpg' width='710' height='1024' \/><\/a><div class='ftg-social'><\/div><\/div><div  class='tile ftg-preload  '><a title=\"\" data-lightbox='ftg-44' rel='ftg-44'  class=' tile-inner  ftg-lightbox' href='http:\/\/sandridosstar.pl\/wp-content\/uploads\/2024\/12\/469204157_575521658761337_832505552426867576_n-1-727x1024.jpg' ><img alt='' class='item skip-lazy' data-class='item' data-ftg-source='http:\/\/sandridosstar.pl\/wp-content\/uploads\/2024\/12\/469204157_575521658761337_832505552426867576_n-1-727x1024.jpg' src='http:\/\/sandridosstar.pl\/wp-content\/uploads\/2024\/12\/469204157_575521658761337_832505552426867576_n-1-727x1024.jpg' width='727' height='1024' \/><\/a><div class='ftg-social'><\/div><\/div><div  class='tile ftg-preload  '><a title=\"\" data-lightbox='ftg-44' rel='ftg-44'  class=' tile-inner  ftg-lightbox' href='http:\/\/sandridosstar.pl\/wp-content\/uploads\/2024\/12\/Certyfikat-Sandra-Lopat-724x1024.png' ><img alt='' class='item skip-lazy' data-class='item' data-ftg-source='http:\/\/sandridosstar.pl\/wp-content\/uploads\/2024\/12\/Certyfikat-Sandra-Lopat-724x1024.png' src='http:\/\/sandridosstar.pl\/wp-content\/uploads\/2024\/12\/Certyfikat-Sandra-Lopat-724x1024.png' width='724' height='1024' \/><\/a><div class='ftg-social'><\/div><\/div><div  class='tile ftg-preload  '><a title=\"\" data-lightbox='ftg-44' rel='ftg-44'  class=' tile-inner  ftg-lightbox' href='http:\/\/sandridosstar.pl\/wp-content\/uploads\/2024\/12\/Sandra-Lopat-2-1-1024x723.jpg' ><img alt='' class='item skip-lazy' data-class='item' data-ftg-source='http:\/\/sandridosstar.pl\/wp-content\/uploads\/2024\/12\/Sandra-Lopat-2-1-1024x723.jpg' src='http:\/\/sandridosstar.pl\/wp-content\/uploads\/2024\/12\/Sandra-Lopat-2-1-1024x723.jpg' width='790' height='558' \/><\/a><div class='ftg-social'><\/div><\/div><\/div><\/div>\n\n\n\n<p><\/p>\n","protected":false},"excerpt":{"rendered":"<p>Od najm\u0142odszych lat interesuj\u0105 mnie zwierz\u0119ta. Jestem Absolwentk\u0105 Medycyny Weterynaryjnej, a od 2023 roku zajmuj\u0119 si\u0119 groomingiem ps\u00f3w i prowadz\u0119 sw\u00f3j salon &#8220;Glam&amp;Shine Groomer&#8221;. We wrze\u015bniu 2014 roku pojawi\u0142 si\u0119 w domu pierwszy wy\u017ce\u0142 w\u0119gierski Red i by\u0142a to mi\u0142o\u015b\u0107 od pierwszego wejrzenia. W 2020 [&hellip;]<\/p>\n","protected":false},"author":1,"featured_media":0,"parent":0,"menu_order":0,"comment_status":"closed","ping_status":"closed","template":"","meta":{"footnotes":""},"class_list":["post-40","page","type-page","status-publish","hentry"],"yoast_head":"<!-- This site is optimized with the Yoast SEO plugin v22.7 - https:\/\/yoast.com\/wordpress\/plugins\/seo\/ -->\n<title>SANDRIDO&#039;S STAR FCI -<\/title>\n<meta name=\"robots\" content=\"index, follow, max-snippet:-1, max-image-preview:large, max-video-preview:-1\" \/>\n<link rel=\"canonical\" href=\"http:\/\/sandridosstar.pl\/\" \/>\n<meta property=\"og:locale\" content=\"en_US\" \/>\n<meta property=\"og:type\" content=\"article\" \/>\n<meta property=\"og:title\" content=\"SANDRIDO&#039;S STAR FCI -\" \/>\n<meta property=\"og:description\" content=\"Od najm\u0142odszych lat interesuj\u0105 mnie zwierz\u0119ta. Jestem Absolwentk\u0105 Medycyny Weterynaryjnej, a od 2023 roku zajmuj\u0119 si\u0119 groomingiem ps\u00f3w i prowadz\u0119 sw\u00f3j salon &#8220;Glam&amp;Shine Groomer&#8221;. We wrze\u015bniu 2014 roku pojawi\u0142 si\u0119 w domu pierwszy wy\u017ce\u0142 w\u0119gierski Red i by\u0142a to mi\u0142o\u015b\u0107 od pierwszego wejrzenia. W 2020 [&hellip;]\" \/>\n<meta property=\"og:url\" content=\"http:\/\/sandridosstar.pl\/\" \/>\n<meta property=\"article:modified_time\" content=\"2025-01-07T17:44:26+00:00\" \/>\n<meta property=\"og:image\" content=\"http:\/\/sandridosstar.pl\/wp-content\/uploads\/2024\/06\/logo-zkwp-fci.png\" \/>\n<meta name=\"twitter:card\" content=\"summary_large_image\" \/>\n<meta name=\"twitter:label1\" content=\"Est. reading time\" \/>\n\t<meta name=\"twitter:data1\" content=\"2 minutes\" \/>\n<script type=\"application\/ld+json\" class=\"yoast-schema-graph\">{\"@context\":\"https:\/\/schema.org\",\"@graph\":[{\"@type\":\"WebPage\",\"@id\":\"http:\/\/sandridosstar.pl\/\",\"url\":\"http:\/\/sandridosstar.pl\/\",\"name\":\"SANDRIDO'S STAR FCI -\",\"isPartOf\":{\"@id\":\"http:\/\/sandridosstar.pl\/#website\"},\"primaryImageOfPage\":{\"@id\":\"http:\/\/sandridosstar.pl\/#primaryimage\"},\"image\":{\"@id\":\"http:\/\/sandridosstar.pl\/#primaryimage\"},\"thumbnailUrl\":\"http:\/\/sandridosstar.pl\/wp-content\/uploads\/2024\/06\/logo-zkwp-fci.png\",\"datePublished\":\"2024-05-26T12:32:04+00:00\",\"dateModified\":\"2025-01-07T17:44:26+00:00\",\"breadcrumb\":{\"@id\":\"http:\/\/sandridosstar.pl\/#breadcrumb\"},\"inLanguage\":\"en-US\",\"potentialAction\":[{\"@type\":\"ReadAction\",\"target\":[\"http:\/\/sandridosstar.pl\/\"]}]},{\"@type\":\"ImageObject\",\"inLanguage\":\"en-US\",\"@id\":\"http:\/\/sandridosstar.pl\/#primaryimage\",\"url\":\"http:\/\/sandridosstar.pl\/wp-content\/uploads\/2024\/06\/logo-zkwp-fci.png\",\"contentUrl\":\"http:\/\/sandridosstar.pl\/wp-content\/uploads\/2024\/06\/logo-zkwp-fci.png\",\"width\":360,\"height\":170},{\"@type\":\"BreadcrumbList\",\"@id\":\"http:\/\/sandridosstar.pl\/#breadcrumb\",\"itemListElement\":[{\"@type\":\"ListItem\",\"position\":1,\"name\":\"Home\",\"item\":\"http:\/\/sandridosstar.pl\/\"},{\"@type\":\"ListItem\",\"position\":2,\"name\":\"SANDRIDO&#8217;S STAR FCI\"}]},{\"@type\":\"WebSite\",\"@id\":\"http:\/\/sandridosstar.pl\/#website\",\"url\":\"http:\/\/sandridosstar.pl\/\",\"name\":\"\",\"description\":\"\",\"potentialAction\":[{\"@type\":\"SearchAction\",\"target\":{\"@type\":\"EntryPoint\",\"urlTemplate\":\"http:\/\/sandridosstar.pl\/?s={search_term_string}\"},\"query-input\":\"required name=search_term_string\"}],\"inLanguage\":\"en-US\"}]}<\/script>\n<!-- \/ Yoast SEO plugin. -->","yoast_head_json":{"title":"SANDRIDO'S STAR FCI -","robots":{"index":"index","follow":"follow","max-snippet":"max-snippet:-1","max-image-preview":"max-image-preview:large","max-video-preview":"max-video-preview:-1"},"canonical":"http:\/\/sandridosstar.pl\/","og_locale":"en_US","og_type":"article","og_title":"SANDRIDO'S STAR FCI -","og_description":"Od najm\u0142odszych lat interesuj\u0105 mnie zwierz\u0119ta. Jestem Absolwentk\u0105 Medycyny Weterynaryjnej, a od 2023 roku zajmuj\u0119 si\u0119 groomingiem ps\u00f3w i prowadz\u0119 sw\u00f3j salon &#8220;Glam&amp;Shine Groomer&#8221;. We wrze\u015bniu 2014 roku pojawi\u0142 si\u0119 w domu pierwszy wy\u017ce\u0142 w\u0119gierski Red i by\u0142a to mi\u0142o\u015b\u0107 od pierwszego wejrzenia. W 2020 [&hellip;]","og_url":"http:\/\/sandridosstar.pl\/","article_modified_time":"2025-01-07T17:44:26+00:00","og_image":[{"url":"http:\/\/sandridosstar.pl\/wp-content\/uploads\/2024\/06\/logo-zkwp-fci.png"}],"twitter_card":"summary_large_image","twitter_misc":{"Est. reading time":"2 minutes"},"schema":{"@context":"https:\/\/schema.org","@graph":[{"@type":"WebPage","@id":"http:\/\/sandridosstar.pl\/","url":"http:\/\/sandridosstar.pl\/","name":"SANDRIDO'S STAR FCI -","isPartOf":{"@id":"http:\/\/sandridosstar.pl\/#website"},"primaryImageOfPage":{"@id":"http:\/\/sandridosstar.pl\/#primaryimage"},"image":{"@id":"http:\/\/sandridosstar.pl\/#primaryimage"},"thumbnailUrl":"http:\/\/sandridosstar.pl\/wp-content\/uploads\/2024\/06\/logo-zkwp-fci.png","datePublished":"2024-05-26T12:32:04+00:00","dateModified":"2025-01-07T17:44:26+00:00","breadcrumb":{"@id":"http:\/\/sandridosstar.pl\/#breadcrumb"},"inLanguage":"en-US","potentialAction":[{"@type":"ReadAction","target":["http:\/\/sandridosstar.pl\/"]}]},{"@type":"ImageObject","inLanguage":"en-US","@id":"http:\/\/sandridosstar.pl\/#primaryimage","url":"http:\/\/sandridosstar.pl\/wp-content\/uploads\/2024\/06\/logo-zkwp-fci.png","contentUrl":"http:\/\/sandridosstar.pl\/wp-content\/uploads\/2024\/06\/logo-zkwp-fci.png","width":360,"height":170},{"@type":"BreadcrumbList","@id":"http:\/\/sandridosstar.pl\/#breadcrumb","itemListElement":[{"@type":"ListItem","position":1,"name":"Home","item":"http:\/\/sandridosstar.pl\/"},{"@type":"ListItem","position":2,"name":"SANDRIDO&#8217;S STAR FCI"}]},{"@type":"WebSite","@id":"http:\/\/sandridosstar.pl\/#website","url":"http:\/\/sandridosstar.pl\/","name":"","description":"","potentialAction":[{"@type":"SearchAction","target":{"@type":"EntryPoint","urlTemplate":"http:\/\/sandridosstar.pl\/?s={search_term_string}"},"query-input":"required name=search_term_string"}],"inLanguage":"en-US"}]}},"_links":{"self":[{"href":"http:\/\/sandridosstar.pl\/index.php?rest_route=\/wp\/v2\/pages\/40","targetHints":{"allow":["GET"]}}],"collection":[{"href":"http:\/\/sandridosstar.pl\/index.php?rest_route=\/wp\/v2\/pages"}],"about":[{"href":"http:\/\/sandridosstar.pl\/index.php?rest_route=\/wp\/v2\/types\/page"}],"author":[{"embeddable":true,"href":"http:\/\/sandridosstar.pl\/index.php?rest_route=\/wp\/v2\/users\/1"}],"replies":[{"embeddable":true,"href":"http:\/\/sandridosstar.pl\/index.php?rest_route=%2Fwp%2Fv2%2Fcomments&post=40"}],"version-history":[{"count":66,"href":"http:\/\/sandridosstar.pl\/index.php?rest_route=\/wp\/v2\/pages\/40\/revisions"}],"predecessor-version":[{"id":758,"href":"http:\/\/sandridosstar.pl\/index.php?rest_route=\/wp\/v2\/pages\/40\/revisions\/758"}],"wp:attachment":[{"href":"http:\/\/sandridosstar.pl\/index.php?rest_route=%2Fwp%2Fv2%2Fmedia&parent=40"}],"curies":[{"name":"wp","href":"https:\/\/api.w.org\/{rel}","templated":true}]}}