{"id":50,"date":"2024-05-26T14:37:18","date_gmt":"2024-05-26T12:37:18","guid":{"rendered":"http:\/\/sandridosstar.pl\/?page_id=50"},"modified":"2024-12-29T10:48:51","modified_gmt":"2024-12-29T09:48:51","slug":"guido-magyar-tim","status":"publish","type":"page","link":"http:\/\/sandridosstar.pl\/?page_id=50","title":{"rendered":"Guido Magyar-Tim"},"content":{"rendered":"\n<div class=\"wp-block-media-text has-media-on-the-right is-stacked-on-mobile\"><div class=\"wp-block-media-text__content\">\n<p class=\"has-text-align-center has-larger-font-size\"><strong><strong>Guido Magyar-Tim<\/strong><\/strong><\/p>\n\n\n\n<p class=\"has-text-align-center\">CIB\/CIE\/BIS\/PL J\/PL\/PL Gr\/CZ\/CH\/SK\/SK Gr\/Alpen\/VDH\/AT\/SLO\/RO\/RO Gr Ch\/MultiWinner<\/p>\n\n\n\n<ul class=\"wp-block-list\">\n<li><strong>Urodzona:&nbsp;<\/strong>15.05.2020<\/li>\n\n\n\n<li>Hodowca: <strong><a href=\"https:\/\/www.vizsladatabase.com\/detailsPerson.php?id=5229\">Lidia Michalak<\/a><\/strong> , Polska<\/li>\n\n\n\n<li>HD-0, ED-0, oczy z gonioskopi\u0105-zdrowe, serce zdrowe, L\/L free<\/li>\n\n\n\n<li>DNA Profile<\/li>\n\n\n\n<li><a href=\"http:\/\/sandridosstar.pl\/?page_id=52\">RODOW\u00d3D<\/a><\/li>\n\n\n\n<li>WCC -Working Class Certificate<\/li>\n\n\n\n<li>Konkurs polny dyplom II stopnia, Konkurs polny dyplom III stopnia , Konkurs wodny dyplom I stopnia 4 miejsce<\/li>\n<\/ul>\n\n\n\n<p><\/p>\n<\/div><figure class=\"wp-block-media-text__media\"><img fetchpriority=\"high\" decoding=\"async\" width=\"640\" height=\"428\" src=\"http:\/\/sandridosstar.pl\/wp-content\/uploads\/2024\/12\/IMG_0895-1.jpg\" alt=\"\" class=\"wp-image-317 size-full\" srcset=\"http:\/\/sandridosstar.pl\/wp-content\/uploads\/2024\/12\/IMG_0895-1.jpg 640w, http:\/\/sandridosstar.pl\/wp-content\/uploads\/2024\/12\/IMG_0895-1-300x201.jpg 300w\" sizes=\"(max-width: 640px) 100vw, 640px\" \/><\/figure><\/div>\n\n\n\n<hr class=\"wp-block-separator has-alpha-channel-opacity is-style-wide\"\/>\n\n\n\n<p class=\"has-text-align-center\"><strong>Guido<\/strong> po domowemu Red to mocny, silny samiec o pi\u0119knej g\u0142owie o doskona\u0142ym eksterierze. Ma za sob\u0105 zwiedzon\u0105 du\u017c\u0105 cz\u0119\u015b\u0107 Europy i plasuje si\u0119 na wysokich lokatach na arenie krajowej i mi\u0119dzynarodowej, co potwierdzaj\u0105 licznie zdobyte Championaty. W\u015br\u00f3d najwi\u0119kszych osi\u0105gni\u0119\u0107 mo\u017cemy wymieni\u0107 wygran\u0105 klas\u0119 na Crufts w Birmingham w 2023 roku. Jest to najbardziej presti\u017cowa wystawa, na kt\u00f3r\u0105 co roku Guido otrzymuje kwalifikacj\u0119. W 2021 na \u015awiatowej wystawie w Brnie uplasowa\u0142 si\u0119 r\u00f3wnie\u017c na 1 miejscu w bardzo licznej klasie. Pies przyjacielski, oddany cz\u0142owiekowi, \u015bwietny kompan w domu. Dzi\u0119ki jego mocnym nastawieniu na prac\u0119- treningi to czysta przyjemno\u015b\u0107. Ma doskona\u0142y aport i kocha wod\u0119. Guido posiada certyfikat u\u017cytkowo\u015bci WCC oraz bierze udzia\u0142 w polnych konkursach my\u015bliwskich . Swoim potomkom przekazuje nienaganny charakter oraz \u0142adny eksterier. Szczeni\u0119ta po Guido ju\u017c r\u00f3wnie\u017c osi\u0105gaj\u0105 pierwsze sukcesy.<\/p>\n\n\n\n<hr class=\"wp-block-separator has-alpha-channel-opacity is-style-default\"\/>\n\n\n\n<figure class=\"wp-block-gallery has-nested-images columns-default is-cropped wp-block-gallery-1 is-layout-flex wp-block-gallery-is-layout-flex\">\n<figure class=\"wp-block-image size-large\"><img decoding=\"async\" width=\"640\" height=\"428\" data-id=\"88\" src=\"http:\/\/sandridosstar.pl\/wp-content\/uploads\/2024\/05\/IMG_0895.jpg\" alt=\"\" class=\"wp-image-88\" srcset=\"http:\/\/sandridosstar.pl\/wp-content\/uploads\/2024\/05\/IMG_0895.jpg 640w, http:\/\/sandridosstar.pl\/wp-content\/uploads\/2024\/05\/IMG_0895-300x201.jpg 300w\" sizes=\"(max-width: 640px) 100vw, 640px\" \/><\/figure>\n\n\n\n<figure class=\"wp-block-image size-large\"><img decoding=\"async\" width=\"640\" height=\"477\" data-id=\"87\" src=\"http:\/\/sandridosstar.pl\/wp-content\/uploads\/2024\/05\/image0.jpeg\" alt=\"\" class=\"wp-image-87\" srcset=\"http:\/\/sandridosstar.pl\/wp-content\/uploads\/2024\/05\/image0.jpeg 640w, http:\/\/sandridosstar.pl\/wp-content\/uploads\/2024\/05\/image0-300x224.jpeg 300w\" sizes=\"(max-width: 640px) 100vw, 640px\" \/><\/figure>\n<\/figure>\n\n\n\n<p><\/p>\n","protected":false},"excerpt":{"rendered":"<p>Guido po domowemu Red to mocny, silny samiec o pi\u0119knej g\u0142owie o doskona\u0142ym eksterierze. Ma za sob\u0105 zwiedzon\u0105 du\u017c\u0105 cz\u0119\u015b\u0107 Europy i plasuje si\u0119 na wysokich lokatach na arenie krajowej i mi\u0119dzynarodowej, co potwierdzaj\u0105 licznie zdobyte Championaty. W\u015br\u00f3d najwi\u0119kszych osi\u0105gni\u0119\u0107 mo\u017cemy wymieni\u0107 wygran\u0105 klas\u0119 na [&hellip;]<\/p>\n","protected":false},"author":1,"featured_media":0,"parent":0,"menu_order":0,"comment_status":"closed","ping_status":"closed","template":"","meta":{"footnotes":""},"class_list":["post-50","page","type-page","status-publish","hentry"],"yoast_head":"<!-- This site is optimized with the Yoast SEO plugin v22.7 - https:\/\/yoast.com\/wordpress\/plugins\/seo\/ -->\n<title>Guido Magyar-Tim -<\/title>\n<meta name=\"robots\" content=\"index, follow, max-snippet:-1, max-image-preview:large, max-video-preview:-1\" \/>\n<link rel=\"canonical\" href=\"http:\/\/sandridosstar.pl\/?page_id=50\" \/>\n<meta property=\"og:locale\" content=\"en_US\" \/>\n<meta property=\"og:type\" content=\"article\" \/>\n<meta property=\"og:title\" content=\"Guido Magyar-Tim -\" \/>\n<meta property=\"og:description\" content=\"Guido po domowemu Red to mocny, silny samiec o pi\u0119knej g\u0142owie o doskona\u0142ym eksterierze. Ma za sob\u0105 zwiedzon\u0105 du\u017c\u0105 cz\u0119\u015b\u0107 Europy i plasuje si\u0119 na wysokich lokatach na arenie krajowej i mi\u0119dzynarodowej, co potwierdzaj\u0105 licznie zdobyte Championaty. W\u015br\u00f3d najwi\u0119kszych osi\u0105gni\u0119\u0107 mo\u017cemy wymieni\u0107 wygran\u0105 klas\u0119 na [&hellip;]\" \/>\n<meta property=\"og:url\" content=\"http:\/\/sandridosstar.pl\/?page_id=50\" \/>\n<meta property=\"article:modified_time\" content=\"2024-12-29T09:48:51+00:00\" \/>\n<meta property=\"og:image\" content=\"http:\/\/sandridosstar.pl\/wp-content\/uploads\/2024\/12\/IMG_0895-1.jpg\" \/>\n<meta name=\"twitter:card\" content=\"summary_large_image\" \/>\n<meta name=\"twitter:label1\" content=\"Est. reading time\" \/>\n\t<meta name=\"twitter:data1\" content=\"2 minutes\" \/>\n<script type=\"application\/ld+json\" class=\"yoast-schema-graph\">{\"@context\":\"https:\/\/schema.org\",\"@graph\":[{\"@type\":\"WebPage\",\"@id\":\"http:\/\/sandridosstar.pl\/?page_id=50\",\"url\":\"http:\/\/sandridosstar.pl\/?page_id=50\",\"name\":\"Guido Magyar-Tim -\",\"isPartOf\":{\"@id\":\"http:\/\/sandridosstar.pl\/#website\"},\"primaryImageOfPage\":{\"@id\":\"http:\/\/sandridosstar.pl\/?page_id=50#primaryimage\"},\"image\":{\"@id\":\"http:\/\/sandridosstar.pl\/?page_id=50#primaryimage\"},\"thumbnailUrl\":\"http:\/\/sandridosstar.pl\/wp-content\/uploads\/2024\/12\/IMG_0895-1.jpg\",\"datePublished\":\"2024-05-26T12:37:18+00:00\",\"dateModified\":\"2024-12-29T09:48:51+00:00\",\"breadcrumb\":{\"@id\":\"http:\/\/sandridosstar.pl\/?page_id=50#breadcrumb\"},\"inLanguage\":\"en-US\",\"potentialAction\":[{\"@type\":\"ReadAction\",\"target\":[\"http:\/\/sandridosstar.pl\/?page_id=50\"]}]},{\"@type\":\"ImageObject\",\"inLanguage\":\"en-US\",\"@id\":\"http:\/\/sandridosstar.pl\/?page_id=50#primaryimage\",\"url\":\"http:\/\/sandridosstar.pl\/wp-content\/uploads\/2024\/12\/IMG_0895-1.jpg\",\"contentUrl\":\"http:\/\/sandridosstar.pl\/wp-content\/uploads\/2024\/12\/IMG_0895-1.jpg\",\"width\":640,\"height\":428},{\"@type\":\"BreadcrumbList\",\"@id\":\"http:\/\/sandridosstar.pl\/?page_id=50#breadcrumb\",\"itemListElement\":[{\"@type\":\"ListItem\",\"position\":1,\"name\":\"Home\",\"item\":\"http:\/\/sandridosstar.pl\/\"},{\"@type\":\"ListItem\",\"position\":2,\"name\":\"Guido Magyar-Tim\"}]},{\"@type\":\"WebSite\",\"@id\":\"http:\/\/sandridosstar.pl\/#website\",\"url\":\"http:\/\/sandridosstar.pl\/\",\"name\":\"\",\"description\":\"\",\"potentialAction\":[{\"@type\":\"SearchAction\",\"target\":{\"@type\":\"EntryPoint\",\"urlTemplate\":\"http:\/\/sandridosstar.pl\/?s={search_term_string}\"},\"query-input\":\"required name=search_term_string\"}],\"inLanguage\":\"en-US\"}]}<\/script>\n<!-- \/ Yoast SEO plugin. -->","yoast_head_json":{"title":"Guido Magyar-Tim -","robots":{"index":"index","follow":"follow","max-snippet":"max-snippet:-1","max-image-preview":"max-image-preview:large","max-video-preview":"max-video-preview:-1"},"canonical":"http:\/\/sandridosstar.pl\/?page_id=50","og_locale":"en_US","og_type":"article","og_title":"Guido Magyar-Tim -","og_description":"Guido po domowemu Red to mocny, silny samiec o pi\u0119knej g\u0142owie o doskona\u0142ym eksterierze. Ma za sob\u0105 zwiedzon\u0105 du\u017c\u0105 cz\u0119\u015b\u0107 Europy i plasuje si\u0119 na wysokich lokatach na arenie krajowej i mi\u0119dzynarodowej, co potwierdzaj\u0105 licznie zdobyte Championaty. W\u015br\u00f3d najwi\u0119kszych osi\u0105gni\u0119\u0107 mo\u017cemy wymieni\u0107 wygran\u0105 klas\u0119 na [&hellip;]","og_url":"http:\/\/sandridosstar.pl\/?page_id=50","article_modified_time":"2024-12-29T09:48:51+00:00","og_image":[{"url":"http:\/\/sandridosstar.pl\/wp-content\/uploads\/2024\/12\/IMG_0895-1.jpg"}],"twitter_card":"summary_large_image","twitter_misc":{"Est. reading time":"2 minutes"},"schema":{"@context":"https:\/\/schema.org","@graph":[{"@type":"WebPage","@id":"http:\/\/sandridosstar.pl\/?page_id=50","url":"http:\/\/sandridosstar.pl\/?page_id=50","name":"Guido Magyar-Tim -","isPartOf":{"@id":"http:\/\/sandridosstar.pl\/#website"},"primaryImageOfPage":{"@id":"http:\/\/sandridosstar.pl\/?page_id=50#primaryimage"},"image":{"@id":"http:\/\/sandridosstar.pl\/?page_id=50#primaryimage"},"thumbnailUrl":"http:\/\/sandridosstar.pl\/wp-content\/uploads\/2024\/12\/IMG_0895-1.jpg","datePublished":"2024-05-26T12:37:18+00:00","dateModified":"2024-12-29T09:48:51+00:00","breadcrumb":{"@id":"http:\/\/sandridosstar.pl\/?page_id=50#breadcrumb"},"inLanguage":"en-US","potentialAction":[{"@type":"ReadAction","target":["http:\/\/sandridosstar.pl\/?page_id=50"]}]},{"@type":"ImageObject","inLanguage":"en-US","@id":"http:\/\/sandridosstar.pl\/?page_id=50#primaryimage","url":"http:\/\/sandridosstar.pl\/wp-content\/uploads\/2024\/12\/IMG_0895-1.jpg","contentUrl":"http:\/\/sandridosstar.pl\/wp-content\/uploads\/2024\/12\/IMG_0895-1.jpg","width":640,"height":428},{"@type":"BreadcrumbList","@id":"http:\/\/sandridosstar.pl\/?page_id=50#breadcrumb","itemListElement":[{"@type":"ListItem","position":1,"name":"Home","item":"http:\/\/sandridosstar.pl\/"},{"@type":"ListItem","position":2,"name":"Guido Magyar-Tim"}]},{"@type":"WebSite","@id":"http:\/\/sandridosstar.pl\/#website","url":"http:\/\/sandridosstar.pl\/","name":"","description":"","potentialAction":[{"@type":"SearchAction","target":{"@type":"EntryPoint","urlTemplate":"http:\/\/sandridosstar.pl\/?s={search_term_string}"},"query-input":"required name=search_term_string"}],"inLanguage":"en-US"}]}},"_links":{"self":[{"href":"http:\/\/sandridosstar.pl\/index.php?rest_route=\/wp\/v2\/pages\/50","targetHints":{"allow":["GET"]}}],"collection":[{"href":"http:\/\/sandridosstar.pl\/index.php?rest_route=\/wp\/v2\/pages"}],"about":[{"href":"http:\/\/sandridosstar.pl\/index.php?rest_route=\/wp\/v2\/types\/page"}],"author":[{"embeddable":true,"href":"http:\/\/sandridosstar.pl\/index.php?rest_route=\/wp\/v2\/users\/1"}],"replies":[{"embeddable":true,"href":"http:\/\/sandridosstar.pl\/index.php?rest_route=%2Fwp%2Fv2%2Fcomments&post=50"}],"version-history":[{"count":17,"href":"http:\/\/sandridosstar.pl\/index.php?rest_route=\/wp\/v2\/pages\/50\/revisions"}],"predecessor-version":[{"id":345,"href":"http:\/\/sandridosstar.pl\/index.php?rest_route=\/wp\/v2\/pages\/50\/revisions\/345"}],"wp:attachment":[{"href":"http:\/\/sandridosstar.pl\/index.php?rest_route=%2Fwp%2Fv2%2Fmedia&parent=50"}],"curies":[{"name":"wp","href":"https:\/\/api.w.org\/{rel}","templated":true}]}}